{"id":159,"date":"2017-07-29T15:39:48","date_gmt":"2017-07-29T21:39:48","guid":{"rendered":"http:\/\/nuaterra.com\/es\/?page_id=159"},"modified":"2019-09-26T10:58:35","modified_gmt":"2019-09-26T16:58:35","slug":"arroz-organico","status":"publish","type":"page","link":"https:\/\/nuaterra.com\/es\/arroz-organico\/","title":{"rendered":"Arroz Org\u00e1nico"},"content":{"rendered":"<p>[et_pb_section fb_built=\u00bb1&#8243; custom_padding=\u00bb||0px|\u00bb _builder_version=\u00bb3.0.65&#8243; background_image=\u00bbhttp:\/\/nuaterra.com\/es\/wp-content\/uploads\/fondo-productos.jpg\u00bb][et_pb_row custom_padding=\u00bb||0px|\u00bb custom_margin=\u00bb||0px|\u00bb background_position_1=\u00bbtop_left\u00bb background_position_2=\u00bbtop_left\u00bb background_position_3=\u00bbtop_left\u00bb background_repeat_1=\u00bbno-repeat\u00bb background_repeat_2=\u00bbno-repeat\u00bb background_repeat_3=\u00bbno-repeat\u00bb _builder_version=\u00bb3.0.65&#8243;][et_pb_column type=\u00bb1_4&#8243; _builder_version=\u00bb3.0.47&#8243; parallax=\u00bboff\u00bb parallax_method=\u00bbon\u00bb background_position=\u00bbtop_left\u00bb background_repeat=\u00bbno-repeat\u00bb][\/et_pb_column][et_pb_column type=\u00bb1_2&#8243; _builder_version=\u00bb3.0.47&#8243; parallax=\u00bboff\u00bb parallax_method=\u00bbon\u00bb background_position=\u00bbtop_left\u00bb background_repeat=\u00bbno-repeat\u00bb][et_pb_text background_layout=\u00bbdark\u00bb text_orientation=\u00bbcenter\u00bb _builder_version=\u00bb3.0.67&#8243; background_color=\u00bbrgba(128,94,48,0.76)\u00bb custom_margin=\u00bb130px|||\u00bb custom_padding=\u00bb40px|40px|40px|40px\u00bb]<\/p>\n<h1>Arroz Org\u00e1nico<\/h1>\n<p>Estamos orgullos de diferenciar nuestro arroz de una forma responsable con nuestros clientes y el ambiente, produciendo un arroz org\u00e1nico de la mejor calidad. Seguimos la normativa org\u00e1nica de Costa Rica, el reglamento Europeo (CE).<\/p>\n<p>Hemos realizado un gran esfuerzo para innovar con un empaque al vac\u00edo que protege mejor las cualidades del producto antes de su consumo.<\/p>\n<p><a href=\"\/es\/arroz-organico\/#blanco\"><img loading=\"lazy\" decoding=\"async\" class=\"alignnone wp-image-136 size-full\" src=\"http:\/\/nuaterra.com\/es\/wp-content\/uploads\/triangulo.png\" alt=\"\" width=\"23\" height=\"20\" \/><\/a><\/p>\n<p>[\/et_pb_text][\/et_pb_column][et_pb_column type=\u00bb1_4&#8243; _builder_version=\u00bb3.0.47&#8243; parallax=\u00bboff\u00bb parallax_method=\u00bbon\u00bb background_position=\u00bbtop_left\u00bb background_repeat=\u00bbno-repeat\u00bb][\/et_pb_column][\/et_pb_row][\/et_pb_section][et_pb_section fb_built=\u00bb1&#8243; background_color=\u00bb#e3ded1&#8243; module_id=\u00bbblanco\u00bb _builder_version=\u00bb3.0.65&#8243;][et_pb_row _builder_version=\u00bb3.0.47&#8243; background_size=\u00bbinitial\u00bb background_position=\u00bbtop_left\u00bb background_repeat=\u00bbrepeat\u00bb][et_pb_column type=\u00bb1_3&#8243; _builder_version=\u00bb3.0.47&#8243; parallax=\u00bboff\u00bb parallax_method=\u00bbon\u00bb][et_pb_text text_orientation=\u00bbcenter\u00bb _builder_version=\u00bb3.0.67&#8243;]<\/p>\n<h1>Arroz Blanco<\/h1>\n<p>\u00a0<\/p>\n<p>El arroz blanco es uno de los alimentos m\u00e1s populares en la dieta de Costa Rica y de muchos otros pa\u00edses. Es un alimento sumamente vers\u00e1til, que puede ser servido s\u00f3lo, acompa\u00f1ado de carnes o ensaladas, mezclado con frijoles en nuestro querido gallo pinto, cocinado con pollo o camarones, o bien como ingrediente para guisos, rellenos y otros platillos.<\/p>\n<p><a href=\"\/es\/arroz-organico\/#integral\"><img loading=\"lazy\" decoding=\"async\" class=\"alignnone wp-image-144 size-full\" src=\"http:\/\/nuaterra.com\/es\/wp-content\/uploads\/triangulo-cafe.png\" alt=\"\" width=\"23\" height=\"20\" \/><\/a><\/p>\n<p>[\/et_pb_text][\/et_pb_column][et_pb_column type=\u00bb1_3&#8243; _builder_version=\u00bb3.0.47&#8243; parallax=\u00bboff\u00bb parallax_method=\u00bbon\u00bb][et_pb_image src=\u00bbhttp:\/\/nuaterra.com\/es\/wp-content\/uploads\/Bolsa-Nuaterra-Blanco-Frente.png\u00bb animation=\u00bbfade_in\u00bb align=\u00bbcenter\u00bb _builder_version=\u00bb3.0.67&#8243;][\/et_pb_image][\/et_pb_column][et_pb_column type=\u00bb1_3&#8243; _builder_version=\u00bb3.0.47&#8243; parallax=\u00bboff\u00bb parallax_method=\u00bbon\u00bb][et_pb_image src=\u00bbhttp:\/\/nuaterra.com\/es\/wp-content\/uploads\/Nutricional-blanco.png\u00bb animation=\u00bbfade_in\u00bb align=\u00bbcenter\u00bb _builder_version=\u00bb3.0.65&#8243;][\/et_pb_image][\/et_pb_column][\/et_pb_row][\/et_pb_section][et_pb_section fb_built=\u00bb1&#8243; background_color=\u00bb#bdb190&#8243; module_id=\u00bbintegral\u00bb _builder_version=\u00bb3.0.65&#8243;][et_pb_row _builder_version=\u00bb3.0.47&#8243; background_size=\u00bbinitial\u00bb background_position=\u00bbtop_left\u00bb background_repeat=\u00bbrepeat\u00bb][et_pb_column type=\u00bb1_3&#8243; _builder_version=\u00bb3.0.47&#8243; parallax=\u00bboff\u00bb parallax_method=\u00bbon\u00bb][et_pb_text text_orientation=\u00bbcenter\u00bb _builder_version=\u00bb3.0.67&#8243;]<\/p>\n<h1>Arroz Integral<\/h1>\n<p>\u00a0<\/p>\n<p>Si desea enriquecer todav\u00eda mas su dieta, entonces el arroz integral es su mejor opci\u00f3n. El alto contenido de fibra aumenta el nivel de saciedad y hace que el metabolismo trabaje m\u00e1s activamente, ayud\u00e1ndole a perder peso y a combatir problemas comunes como el estre\u00f1imiento. Adicionalmente, el mayor contenido de antioxidantes le ayudar\u00e1 a prevenir los signos del envejecimiento si incorpora el arroz integral habitualmente dentro de su dieta.<\/p>\n<p>[\/et_pb_text][\/et_pb_column][et_pb_column type=\u00bb1_3&#8243; _builder_version=\u00bb3.0.47&#8243; parallax=\u00bboff\u00bb parallax_method=\u00bbon\u00bb][et_pb_image src=\u00bbhttp:\/\/nuaterra.com\/es\/wp-content\/uploads\/Bolsa-Nuaterra-Integral-Frente.png\u00bb animation=\u00bbfade_in\u00bb align=\u00bbcenter\u00bb _builder_version=\u00bb3.0.67&#8243;][\/et_pb_image][\/et_pb_column][et_pb_column type=\u00bb1_3&#8243; _builder_version=\u00bb3.0.47&#8243; parallax=\u00bboff\u00bb parallax_method=\u00bbon\u00bb][et_pb_image src=\u00bbhttp:\/\/nuaterra.com\/es\/wp-content\/uploads\/Nutricional-integral.png\u00bb animation=\u00bbfade_in\u00bb align=\u00bbcenter\u00bb _builder_version=\u00bb3.0.67&#8243;][\/et_pb_image][\/et_pb_column][\/et_pb_row][\/et_pb_section]<\/p>\n","protected":false},"excerpt":{"rendered":"<p>Arroz Org\u00e1nico Estamos orgullos de diferenciar nuestro arroz de una forma responsable con nuestros clientes y el ambiente, produciendo un arroz org\u00e1nico de la mejor calidad. Seguimos la normativa org\u00e1nica de Costa Rica, el reglamento Europeo (CE). Hemos realizado un gran esfuerzo para innovar con un empaque al vac\u00edo que protege mejor las cualidades del [&hellip;]<\/p>\n","protected":false},"author":1,"featured_media":0,"parent":0,"menu_order":0,"comment_status":"closed","ping_status":"closed","template":"","meta":{"_et_pb_use_builder":"on","_et_pb_old_content":"","_et_gb_content_width":"","footnotes":""},"class_list":["post-159","page","type-page","status-publish","hentry"],"_links":{"self":[{"href":"https:\/\/nuaterra.com\/es\/wp-json\/wp\/v2\/pages\/159","targetHints":{"allow":["GET"]}}],"collection":[{"href":"https:\/\/nuaterra.com\/es\/wp-json\/wp\/v2\/pages"}],"about":[{"href":"https:\/\/nuaterra.com\/es\/wp-json\/wp\/v2\/types\/page"}],"author":[{"embeddable":true,"href":"https:\/\/nuaterra.com\/es\/wp-json\/wp\/v2\/users\/1"}],"replies":[{"embeddable":true,"href":"https:\/\/nuaterra.com\/es\/wp-json\/wp\/v2\/comments?post=159"}],"version-history":[{"count":33,"href":"https:\/\/nuaterra.com\/es\/wp-json\/wp\/v2\/pages\/159\/revisions"}],"predecessor-version":[{"id":537,"href":"https:\/\/nuaterra.com\/es\/wp-json\/wp\/v2\/pages\/159\/revisions\/537"}],"wp:attachment":[{"href":"https:\/\/nuaterra.com\/es\/wp-json\/wp\/v2\/media?parent=159"}],"curies":[{"name":"wp","href":"https:\/\/api.w.org\/{rel}","templated":true}]}}